{"id":22237,"date":"2025-06-26T21:17:00","date_gmt":"2025-06-26T21:17:00","guid":{"rendered":"https:\/\/2bbiobeautyusa.com\/?post_type=product&#038;p=22237"},"modified":"2026-03-17T19:50:47","modified_gmt":"2026-03-17T19:50:47","slug":"bio-clarte-professional-500ml","status":"publish","type":"product","link":"https:\/\/2bbiobeautyusa.com\/es\/product\/bio-clarte-professional-500ml\/","title":{"rendered":"Bio Clarte | PRO 500 ml"},"content":{"rendered":"","protected":false},"excerpt":{"rendered":"<p>Dise\u00f1ada para pieles grasas y con tendencia acneica, esta f\u00f3rmula completa el proceso de limpieza y prepara la piel para el 2B Bio Peel. Ayuda a neutralizar las toxinas superficiales, reducir los brillos y restaurar la claridad. La piel aparece fresca, equilibrada y naturalmente mate, con un tono m\u00e1s radiante.<\/p>\n<p><b>Ingredientes activos<\/b><\/p>\n<ul>\n<li>Atlas\u00ae: agente hidratante.<\/li>\n<li>Berro: extracto bot\u00e1nico con virtudes t\u00f3nicas, mineralizantes y antis\u00e9pticas.<\/li>\n<li>Bardana: antis\u00e9ptico.<\/li>\n<li>Alcanfor: proporciona un efecto calmante, unido a una intensa sensaci\u00f3n refrescante.<\/li>\n<\/ul>","protected":false},"featured_media":22683,"comment_status":"open","ping_status":"closed","template":"","meta":{"_angie_page":false,"content-type":"","_monsterinsights_skip_tracking":false,"_monsterinsights_sitenote_active":false,"_monsterinsights_sitenote_note":"","_monsterinsights_sitenote_category":0},"product_brand":[],"product_cat":[20],"product_tag":[],"class_list":{"0":"post-22237","1":"product","2":"type-product","3":"status-publish","4":"has-post-thumbnail","6":"product_cat-professional","8":"first","9":"instock","10":"taxable","11":"shipping-taxable","12":"product-type-simple"},"_links":{"self":[{"href":"https:\/\/2bbiobeautyusa.com\/es\/wp-json\/wp\/v2\/product\/22237","targetHints":{"allow":["GET"]}}],"collection":[{"href":"https:\/\/2bbiobeautyusa.com\/es\/wp-json\/wp\/v2\/product"}],"about":[{"href":"https:\/\/2bbiobeautyusa.com\/es\/wp-json\/wp\/v2\/types\/product"}],"replies":[{"embeddable":true,"href":"https:\/\/2bbiobeautyusa.com\/es\/wp-json\/wp\/v2\/comments?post=22237"}],"wp:featuredmedia":[{"embeddable":true,"href":"https:\/\/2bbiobeautyusa.com\/es\/wp-json\/wp\/v2\/media\/22683"}],"wp:attachment":[{"href":"https:\/\/2bbiobeautyusa.com\/es\/wp-json\/wp\/v2\/media?parent=22237"}],"wp:term":[{"taxonomy":"product_brand","embeddable":true,"href":"https:\/\/2bbiobeautyusa.com\/es\/wp-json\/wp\/v2\/product_brand?post=22237"},{"taxonomy":"product_cat","embeddable":true,"href":"https:\/\/2bbiobeautyusa.com\/es\/wp-json\/wp\/v2\/product_cat?post=22237"},{"taxonomy":"product_tag","embeddable":true,"href":"https:\/\/2bbiobeautyusa.com\/es\/wp-json\/wp\/v2\/product_tag?post=22237"}],"curies":[{"name":"wp","href":"https:\/\/api.w.org\/{rel}","templated":true}]}}